{"id":56,"date":"2021-08-18T20:44:02","date_gmt":"2021-08-18T20:44:02","guid":{"rendered":"https:\/\/corsano.pt\/?page_id=56"},"modified":"2024-02-04T12:44:01","modified_gmt":"2024-02-04T12:44:01","slug":"servicos","status":"publish","type":"page","link":"https:\/\/corsano.pt\/?page_id=56","title":{"rendered":"Servi\u00e7os"},"content":{"rendered":"<div class=\"wp-block-image is-style-default\">\n<figure class=\"aligncenter size-full is-resized\"><img loading=\"lazy\" decoding=\"async\" width=\"474\" height=\"141\" src=\"https:\/\/corsano.pt\/wp-content\/uploads\/2021\/08\/Captura-de-ecra\u0303-2021-08-23-a\u0300s-12.28.30.png\" alt=\"\" class=\"wp-image-251\" style=\"width:474px;height:141px\" srcset=\"https:\/\/corsano.pt\/wp-content\/uploads\/2021\/08\/Captura-de-ecra\u0303-2021-08-23-a\u0300s-12.28.30.png 474w, https:\/\/corsano.pt\/wp-content\/uploads\/2021\/08\/Captura-de-ecra\u0303-2021-08-23-a\u0300s-12.28.30-300x89.png 300w\" sizes=\"auto, (max-width: 474px) 100vw, 474px\" \/><\/figure>\n<\/div>\n\n\n<div class=\"wp-block-columns is-layout-flex wp-container-core-columns-is-layout-9d6595d7 wp-block-columns-is-layout-flex\">\n<div class=\"wp-block-column is-layout-flow wp-block-column-is-layout-flow\" style=\"flex-basis:100%\">\t\t\t\t<div class=\"wp-block-uagb-table-of-contents uagb-toc__align-center uagb-toc__columns-1  uagb-block-b8d43634     \"\n\t\t\t\t\tdata-scroll= \"1\"\n\t\t\t\t\tdata-offset= \"163\"\n\t\t\t\t\tstyle=\"\"\n\t\t\t\t>\n\t\t\t\t<div class=\"uagb-toc__wrap\">\n\t\t\t\t\t\t<div class=\"uagb-toc__title\">\n\t\t\t\t\t\t\t\t\t\t\t\t\t<\/div>\n\t\t\t\t\t\t\t\t\t\t\t\t\t\t\t\t<div class=\"uagb-toc__list-wrap\">\n\t\t\t\t\t\t<ol class=\"uagb-toc__list\"><li class=\"uagb-toc__list\"><a href=\"#consulta-de-cardiologia\" class=\"uagb-toc-link__trigger\">Consulta de Cardiologia<\/a><li class=\"uagb-toc__list\"><a href=\"#consulta-de-sa\u00fade-mental-e-psiquiatria\" class=\"uagb-toc-link__trigger\">Consulta de Sa\u00fade Mental e Psiquiatria<\/a><li class=\"uagb-toc__list\"><a href=\"#exames-de-cardiologia\" class=\"uagb-toc-link__trigger\">Exames de Cardiologia<\/a><\/ol>\t\t\t\t\t<\/div>\n\t\t\t\t\t\t\t\t\t<\/div>\n\t\t\t\t<\/div>\n\t\t\t\n\n\n<hr class=\"wp-block-separator has-text-color has-white-color has-css-opacity has-white-background-color has-background is-style-wide\"\/>\n<\/div>\n<\/div>\n\n\n\n<section class=\"wp-block-uagb-section uagb-section__wrap uagb-section__background-undefined uagb-block-c6e83c3f\"><div class=\"uagb-section__overlay\"><\/div><div class=\"uagb-section__inner-wrap\">\n<div class=\"wp-block-columns is-layout-flex wp-container-core-columns-is-layout-9d6595d7 wp-block-columns-is-layout-flex\">\n<div class=\"wp-block-column is-layout-flow wp-block-column-is-layout-flow\">\n<h2 class=\"wp-block-heading has-text-align-center has-text-color\" style=\"color:#007474;font-size:33px\"><strong>Consulta de Cardiologia<\/strong><\/h2>\n\n\n\n<p class=\"has-text-align-center has-white-color has-text-color\" style=\"font-size:3px\">&#8230;<\/p>\n\n\n\n<p class=\"has-text-align-center has-black-color has-text-color\">Na consulta de Cardiologia cuidamos da sua sa\u00fade cardiovascular.<\/p>\n\n\n\n<p class=\"has-text-align-center has-black-color has-text-color\">Abordamos todo o espectro da doen\u00e7a card\u00edaca desde o diagn\u00f3stico e controlo dos factores de risco cardiovascular, passando pela doen\u00e7a coron\u00e1ria ateroscler\u00f3tica, as arritmias, as doen\u00e7as valvulares, a insufici\u00eancia card\u00edaca, as miocardiopatias e as doen\u00e7as card\u00edacas cong\u00e9nitas.<\/p>\n<\/div>\n\n\n\n<div class=\"wp-block-column is-layout-flow wp-block-column-is-layout-flow\">\n<figure class=\"wp-block-image size-full is-style-default\"><img loading=\"lazy\" decoding=\"async\" width=\"744\" height=\"504\" src=\"https:\/\/corsano.pt\/wp-content\/uploads\/2021\/08\/Captura-de-ecra\u0303-2021-07-27-a\u0300s-22.05.08.png\" alt=\"\" class=\"wp-image-400\" srcset=\"https:\/\/corsano.pt\/wp-content\/uploads\/2021\/08\/Captura-de-ecra\u0303-2021-07-27-a\u0300s-22.05.08.png 744w, https:\/\/corsano.pt\/wp-content\/uploads\/2021\/08\/Captura-de-ecra\u0303-2021-07-27-a\u0300s-22.05.08-300x203.png 300w\" sizes=\"auto, (max-width: 744px) 100vw, 744px\" \/><\/figure>\n<\/div>\n<\/div>\n\n\n<div class=\"wp-block-ub-content-toggle\" id=\"ub-content-toggle-fb02204e-7c66-4f52-899e-ea1b2d080b51\" data-showonlyone=\"true\" data-mobilecollapse=\"false\" data-desktopcollapse=\"false\">\n<div class=\"wp-block-ub-content-toggle-accordion\">\n                <div class=\"wp-block-ub-content-toggle-accordion-title-wrap\" aria-expanded=\"false\" aria-controls=\"ub-content-toggle-panel-0-fb02204e-7c66-4f52-899e-ea1b2d080b51\" tabindex=\"0\">\n                    <h3 class=\"wp-block-ub-content-toggle-accordion-title ub-content-toggle-title-fb02204e-7c66-4f52-899e-ea1b2d080b51\"><strong>Saber mais: Consulta de Cardiologia<\/strong><\/h3><div class=\"wp-block-ub-content-toggle-accordion-toggle-wrap right\"><span class=\"wp-block-ub-content-toggle-accordion-state-indicator wp-block-ub-math-plus\"><\/span>\n                    <\/div><\/div><div role=\"region\" class=\"wp-block-ub-content-toggle-accordion-content-wrap ub-hide\" id=\"ub-content-toggle-panel-0-fb02204e-7c66-4f52-899e-ea1b2d080b51\">\n\n<p class=\"has-text-color\" id=\"block-9e264eee-3437-4a09-9da2-56744dba7fac\" style=\"color:#2c2c2c\">Na consulta de Cardiologia cuidamos da sua sa\u00fade cardiovascular. Fazemos a avalia\u00e7\u00e3o do<strong>&nbsp;risco cardiovascular<\/strong>&nbsp;e diagn\u00f3stico precoce de&nbsp;<strong>hipertens\u00e3o arterial<\/strong>,<strong>&nbsp;diabetes mellitus&nbsp;<\/strong>e&nbsp;<strong>hipercolesterol\u00e9mia<\/strong>. Tra\u00e7amos planos de tratamento que incluem mudan\u00e7a de h\u00e1bitos e estilo de vida, assim como interven\u00e7\u00e3o farmacol\u00f3gica, quando justific\u00e1vel.<\/p>\n\n\n\n<p class=\"has-text-color\" id=\"block-23c3928c-2a37-4e3d-a98c-1b11b9acf7c3\" style=\"color:#2c2c2c\">Diagnosticamos e acompanhamos situa\u00e7\u00f5es de&nbsp;<strong>doen\u00e7a coron\u00e1ria ateroscler\u00f3tica<\/strong>&nbsp;que habitualmente se manifesta como&nbsp;<strong>angina de peito<\/strong>&nbsp;(dor no peito e\/ou cansa\u00e7o para esfor\u00e7os f\u00edsicos ou situa\u00e7\u00f5es de stress emocional) ou como&nbsp;<strong>enfarte agudo do mioc\u00e1rdio<\/strong>. Para al\u00e9m da melhoria dos sintomas, colocamos \u00eanfase nas mudan\u00e7as comportamentais, na gest\u00e3o do stress e nas interven\u00e7\u00f5es farmacol\u00f3gicas que melhoram o progn\u00f3stico, reduzindo o risco de agravamento da doen\u00e7a e a ocorr\u00eancia de enfartes.<\/p>\n\n\n\n<p class=\"has-text-color\" id=\"block-830616f1-d85f-48ba-bbc8-830a5938f90f\" style=\"color:#2c2c2c\">Investigamos, diagnosticamos e tratamos diversos problemas de&nbsp;<strong>arritmias card\u00edacas<\/strong>&nbsp;que habitualmente se manifestam por sensa\u00e7\u00e3o de palpita\u00e7\u00f5es, pulsa\u00e7\u00e3o irregular, \u201ccora\u00e7\u00e3o acelerado\u201d (<strong>taquicardia<\/strong>) e, outras vezes, por pulsa\u00e7\u00e3o muito lenta (<strong>bradicardia<\/strong>), tonturas e&nbsp;<strong>desmaios<\/strong>. Entre as arritmias mais frequentes contam-se a&nbsp;<strong>fibrilha\u00e7\u00e3o auricular<\/strong>, as&nbsp;<strong>extra-s\u00edstoles&nbsp;<\/strong>e os&nbsp;<strong>bloqueios auriculo-ventriculares.<\/strong><\/p>\n\n\n\n<p class=\"has-text-color\" id=\"block-82d0b039-29ff-49a6-9e47-37e1d2f2b1f7\" style=\"color:#2c2c2c\">Diagnosticamos e tratamos casos de&nbsp;<strong>insufici\u00eancia card\u00edaca&nbsp;<\/strong>em que devido ao \u201cenfraquecimento\u201d do cora\u00e7\u00e3o surgem sintomas de&nbsp;<strong>cansa\u00e7o&nbsp;<\/strong>f\u00e1cil,&nbsp;<strong>falta de ar<\/strong>&nbsp;para esfor\u00e7os ligeiros, falta de ar durante a noite,&nbsp;<strong>incha\u00e7o&nbsp;<\/strong>das pernas e do abd\u00f3men.<\/p>\n\n\n\n<p class=\"has-text-color\" id=\"block-f6c0d202-27d0-4dad-890a-918ac304cbc6\" style=\"color:#2c2c2c\">Diagnosticamos e acompanhamos diversas&nbsp;<strong>patologias valvulares<\/strong>&nbsp;que habitualmente provocam os \u201c<strong>sopros card\u00edacos\u201d,<\/strong>&nbsp;por exemplo a&nbsp;<strong>estenose a\u00f3rtica<\/strong>&nbsp;e a&nbsp;<strong>regurgita\u00e7\u00e3o mitral<\/strong>&nbsp;e que em casos graves podem provocar cansa\u00e7o extremo, incha\u00e7o, dor no peito e desmaios.<\/p>\n\n\n\n<p class=\"has-text-color\" id=\"block-88f14328-d062-4a9f-b549-ea140cea5329\" style=\"color:#2c2c2c\">Diagnosticamos e acompanhamos diversos tipos de&nbsp;<strong>miocardiopatias<\/strong>&nbsp;(doen\u00e7as do m\u00fasculo card\u00edaco), entre as quais a&nbsp;<strong>miocardiopatia hipertr\u00f3fica<\/strong>, assim como diversos tipos de&nbsp;<strong>doen\u00e7as card\u00edacas cong\u00e9nitas<\/strong>&nbsp;(anomalias card\u00edacas de nascen\u00e7a), entre as quais os defeitos dos septos interauricular e interventricular, a v\u00e1lvula a\u00f3rtica bic\u00faspide, entre outros.<\/p>\n\n<\/div><\/div>\n<\/div>\n\n\n<hr class=\"wp-block-separator has-text-color has-css-opacity has-background is-style-wide\" style=\"background-color:#007474;color:#007474\"\/>\n\n\n\n<hr class=\"wp-block-separator has-text-color has-css-opacity has-background is-style-wide\" style=\"background-color:#007474;color:#007474\"\/>\n\n\n\n<div class=\"wp-block-columns is-layout-flex wp-container-core-columns-is-layout-9d6595d7 wp-block-columns-is-layout-flex\">\n<div class=\"wp-block-column is-layout-flow wp-block-column-is-layout-flow\">\n<h2 class=\"wp-block-heading has-text-align-center has-text-color\" style=\"color:#007474;font-size:33px\"><strong>Consulta de Sa\u00fade Mental e Psiquiatria<\/strong><\/h2>\n\n\n\n<p class=\"has-text-align-center has-black-color has-text-color\">Na consulta de Psiquiatria cuidamos da sua sa\u00fade mental, aliviando o seu sofrimento ps\u00edquico e promovendo o seu bem-estar psicol\u00f3gico.<\/p>\n\n\n\n<p class=\"has-text-align-center has-black-color has-text-color\">As \u00e1reas de interven\u00e7\u00e3o incluem: depress\u00e3o, perturba\u00e7\u00f5es de ansiedade\/p\u00e2nico, perturba\u00e7\u00e3o obsessivo-compulsiva, perturba\u00e7\u00e3o de stress p\u00f3s-traum\u00e1tico, altera\u00e7\u00f5es do padr\u00e3o de sono (ins\u00f3nia), perturba\u00e7\u00f5es neurocognitivas (dem\u00eancias) e outras perturba\u00e7\u00f5es neuropsiqui\u00e1tricas, preven\u00e7\u00e3o do suic\u00eddio e comportamentos autolesivos, perturba\u00e7\u00f5es da personalidade e perturba\u00e7\u00f5es de adi\u00e7\u00e3o\/depend\u00eancias.<\/p>\n<\/div>\n\n\n\n<div class=\"wp-block-column is-layout-flow wp-block-column-is-layout-flow\">\n<p class=\"has-white-color has-text-color\">..<\/p>\n\n\n\n<figure class=\"wp-block-image size-large is-style-default\"><img loading=\"lazy\" decoding=\"async\" width=\"1024\" height=\"683\" src=\"https:\/\/corsano.pt\/wp-content\/uploads\/2021\/08\/pexels-shvets-production-7176317-1-1024x683.jpg\" alt=\"\" class=\"wp-image-402\" srcset=\"https:\/\/corsano.pt\/wp-content\/uploads\/2021\/08\/pexels-shvets-production-7176317-1-1024x683.jpg 1024w, https:\/\/corsano.pt\/wp-content\/uploads\/2021\/08\/pexels-shvets-production-7176317-1-300x200.jpg 300w, https:\/\/corsano.pt\/wp-content\/uploads\/2021\/08\/pexels-shvets-production-7176317-1-768x512.jpg 768w, https:\/\/corsano.pt\/wp-content\/uploads\/2021\/08\/pexels-shvets-production-7176317-1-1536x1024.jpg 1536w, https:\/\/corsano.pt\/wp-content\/uploads\/2021\/08\/pexels-shvets-production-7176317-1-2048x1365.jpg 2048w\" sizes=\"auto, (max-width: 1024px) 100vw, 1024px\" \/><\/figure>\n<\/div>\n<\/div>\n\n\n<div class=\"wp-block-ub-content-toggle\" id=\"ub-content-toggle-f1bed9d5-6939-4319-a050-955bee1897a5\" data-mobilecollapse=\"false\" data-desktopcollapse=\"true\">\n<div class=\"wp-block-ub-content-toggle-accordion\">\n                <div class=\"wp-block-ub-content-toggle-accordion-title-wrap\" aria-expanded=\"false\" aria-controls=\"ub-content-toggle-panel-0-f1bed9d5-6939-4319-a050-955bee1897a5\" tabindex=\"0\">\n                    <h3 class=\"wp-block-ub-content-toggle-accordion-title ub-content-toggle-title-f1bed9d5-6939-4319-a050-955bee1897a5\">Saber mais: Consulta de Sa\u00fade Mental e Psiquiatria<\/h3><div class=\"wp-block-ub-content-toggle-accordion-toggle-wrap right\"><span class=\"wp-block-ub-content-toggle-accordion-state-indicator wp-block-ub-chevron-down\"><\/span>\n                    <\/div><\/div><div role=\"region\" class=\"wp-block-ub-content-toggle-accordion-content-wrap ub-hide\" id=\"ub-content-toggle-panel-0-f1bed9d5-6939-4319-a050-955bee1897a5\">\n\n<p class=\"has-text-align-center has-black-color has-text-color\">A sa\u00fade compreende um estado pleno de bem-estar f\u00edsico, mental e social. N\u00e3o h\u00e1 sa\u00fade, sem sa\u00fade mental!<\/p>\n\n\n\n<p class=\"has-text-align-center has-black-color has-text-color\">Na consulta de&nbsp;Psiquiatria, fazemos uma avalia\u00e7\u00e3o completa do paciente, numa abordagem integradora biol\u00f3gica, psicol\u00f3gica e social.&nbsp;<\/p>\n\n\n\n<p class=\"has-text-align-center has-black-color has-text-color\">Todo o ser humano ao longo da sua vida passar\u00e1 por momentos de crise, sejam conflitos interpessoais (com familiares, amigos, colegas), perdas afectivas (div\u00f3rcio, falecimento), problemas laborais (desemprego, burnout) e mudan\u00e7as nas etapas de vida (emigra\u00e7\u00e3o\/imigra\u00e7\u00e3o, nascimento de filhos, reforma). No entanto, em determinadas situa\u00e7\u00f5es, a pessoa poder\u00e1 n\u00e3o conseguir ultrapassar estes momentos de crise, levando a um sofrimento emocional intoler\u00e1vel e prolongado, com impacto negativo nas v\u00e1rias esferas da vida \u2013 pessoal, familiar, social e profissional.<\/p>\n\n\n\n<p class=\"has-text-align-center has-black-color has-text-color\">Nesta consulta dedicamo-nos \u00e0 preven\u00e7\u00e3o, diagn\u00f3stico e tratamento de adultos com sintomas do foro psicol\u00f3gico\/mental, elaborando um projecto terap\u00eautico adequado \u00e0s necessidades do paciente.&nbsp;<\/p>\n\n\n\n<p class=\"has-text-align-center has-black-color has-text-color\">N\u00e3o tenha medo de pedir ajuda. Procurar ajuda n\u00e3o \u00e9 sinal de fraqueza, pelo contr\u00e1rio mostra qu\u00e3o forte \u00e9.<\/p>\n\n\n\n<p class=\"has-text-align-center has-black-color has-text-color\"><em>\u201cNenhum homem \u00e9 uma ilha isolada\u201d (John Donne<\/em>)<\/p>\n\n<\/div><\/div>\n<\/div>\n\n\n<hr class=\"wp-block-separator has-text-color has-css-opacity has-background is-style-wide\" style=\"background-color:#007474;color:#007474\"\/>\n\n\n\n<hr class=\"wp-block-separator has-text-color has-css-opacity has-background is-style-wide\" style=\"background-color:#007474;color:#007474\"\/>\n\n\n\n<div class=\"wp-block-columns is-layout-flex wp-container-core-columns-is-layout-9d6595d7 wp-block-columns-is-layout-flex\">\n<div class=\"wp-block-column is-layout-flow wp-block-column-is-layout-flow\">\n<h2 class=\"wp-block-heading has-text-align-center has-text-color\" style=\"color:#007474;font-size:33px\"><strong>Exames de Cardiologia<\/strong><\/h2>\n\n\n\n<p class=\"has-text-align-center\"><span style=\"background-color:rgba(0, 0, 0, 0)\" class=\"has-inline-color has-black-color\">Realizamos diversos exames complementares de diagn\u00f3stico de cardiologia, nomeadamente:<\/span><\/p>\n\n\n\n<ul class=\"has-black-color has-text-color wp-block-list\">\n<li><strong>Eletrocardiograma (ECG)<\/strong><\/li>\n\n\n\n<li><strong>Holter 24 &#8211; 72 horas<\/strong><\/li>\n\n\n\n<li><strong>Monitoriza\u00e7\u00e3o Ambulatorial da Press\u00e3o Arterial (MAPA)<\/strong><\/li>\n\n\n\n<li><strong>Ecocardiograma com Doppler<\/strong><\/li>\n\n\n\n<li><strong>Prova de Esfor\u00e7o em Tapete Rolante<\/strong><\/li>\n<\/ul>\n<\/div>\n\n\n\n<div class=\"wp-block-column is-layout-flow wp-block-column-is-layout-flow\">\n<p class=\"has-white-color has-text-color\">.<\/p>\n\n\n\n<figure class=\"wp-block-image size-large is-style-default\"><img loading=\"lazy\" decoding=\"async\" width=\"1024\" height=\"683\" src=\"https:\/\/corsano.pt\/wp-content\/uploads\/2021\/08\/towfiqu-barbhuiya-QsBfOwMoPNY-unsplash-1024x683.jpg\" alt=\"\" class=\"wp-image-411\" srcset=\"https:\/\/corsano.pt\/wp-content\/uploads\/2021\/08\/towfiqu-barbhuiya-QsBfOwMoPNY-unsplash-1024x683.jpg 1024w, https:\/\/corsano.pt\/wp-content\/uploads\/2021\/08\/towfiqu-barbhuiya-QsBfOwMoPNY-unsplash-300x200.jpg 300w, https:\/\/corsano.pt\/wp-content\/uploads\/2021\/08\/towfiqu-barbhuiya-QsBfOwMoPNY-unsplash-768x512.jpg 768w, https:\/\/corsano.pt\/wp-content\/uploads\/2021\/08\/towfiqu-barbhuiya-QsBfOwMoPNY-unsplash-1536x1024.jpg 1536w, https:\/\/corsano.pt\/wp-content\/uploads\/2021\/08\/towfiqu-barbhuiya-QsBfOwMoPNY-unsplash-2048x1365.jpg 2048w\" sizes=\"auto, (max-width: 1024px) 100vw, 1024px\" \/><\/figure>\n<\/div>\n<\/div>\n\n\n\n<hr class=\"wp-block-separator has-text-color has-css-opacity has-background is-style-wide\" style=\"background-color:#007474;color:#007474\"\/>\n\n\n\n<hr class=\"wp-block-separator has-text-color has-css-opacity has-background is-style-wide\" style=\"background-color:#007474;color:#007474\"\/>\n<\/div><\/section>\n","protected":false},"excerpt":{"rendered":"","protected":false},"author":1,"featured_media":0,"parent":0,"menu_order":0,"comment_status":"closed","ping_status":"closed","template":"","meta":{"_uag_custom_page_level_css":"","ub_ctt_via":"","footnotes":""},"class_list":["post-56","page","type-page","status-publish","hentry"],"featured_image_src":null,"uagb_featured_image_src":{"full":false,"thumbnail":false,"medium":false,"medium_large":false,"large":false,"1536x1536":false,"2048x2048":false,"onepress-blog-small":false,"onepress-small":false,"onepress-medium":false},"uagb_author_info":{"display_name":"admin","author_link":"https:\/\/corsano.pt\/?author=1"},"uagb_comment_info":0,"uagb_excerpt":null,"_links":{"self":[{"href":"https:\/\/corsano.pt\/index.php?rest_route=\/wp\/v2\/pages\/56","targetHints":{"allow":["GET"]}}],"collection":[{"href":"https:\/\/corsano.pt\/index.php?rest_route=\/wp\/v2\/pages"}],"about":[{"href":"https:\/\/corsano.pt\/index.php?rest_route=\/wp\/v2\/types\/page"}],"author":[{"embeddable":true,"href":"https:\/\/corsano.pt\/index.php?rest_route=\/wp\/v2\/users\/1"}],"replies":[{"embeddable":true,"href":"https:\/\/corsano.pt\/index.php?rest_route=%2Fwp%2Fv2%2Fcomments&post=56"}],"version-history":[{"count":41,"href":"https:\/\/corsano.pt\/index.php?rest_route=\/wp\/v2\/pages\/56\/revisions"}],"predecessor-version":[{"id":526,"href":"https:\/\/corsano.pt\/index.php?rest_route=\/wp\/v2\/pages\/56\/revisions\/526"}],"wp:attachment":[{"href":"https:\/\/corsano.pt\/index.php?rest_route=%2Fwp%2Fv2%2Fmedia&parent=56"}],"curies":[{"name":"wp","href":"https:\/\/api.w.org\/{rel}","templated":true}]}}