{"id":49,"date":"2021-08-18T20:21:03","date_gmt":"2021-08-18T20:21:03","guid":{"rendered":"https:\/\/corsano.pt\/?page_id=49"},"modified":"2023-09-08T10:51:41","modified_gmt":"2023-09-08T10:51:41","slug":"sobre-nos","status":"publish","type":"page","link":"https:\/\/corsano.pt\/?page_id=49","title":{"rendered":"Sobre N\u00f3s"},"content":{"rendered":"<div class=\"wp-block-image is-style-default\">\n<figure class=\"aligncenter size-full is-resized\"><img loading=\"lazy\" decoding=\"async\" src=\"https:\/\/corsano.pt\/wp-content\/uploads\/2021\/08\/Captura-de-ecra\u0303-2021-08-23-a\u0300s-12.32.37.png\" alt=\"\" class=\"wp-image-256\" style=\"width:474px;height:141px\" width=\"474\" height=\"141\" srcset=\"https:\/\/corsano.pt\/wp-content\/uploads\/2021\/08\/Captura-de-ecra\u0303-2021-08-23-a\u0300s-12.32.37.png 474w, https:\/\/corsano.pt\/wp-content\/uploads\/2021\/08\/Captura-de-ecra\u0303-2021-08-23-a\u0300s-12.32.37-300x89.png 300w\" sizes=\"auto, (max-width: 474px) 100vw, 474px\" \/><\/figure>\n<\/div>\n\n\n<div class=\"wp-block-columns is-layout-flex wp-container-core-columns-is-layout-9d6595d7 wp-block-columns-is-layout-flex\">\n<div class=\"wp-block-column is-layout-flow wp-block-column-is-layout-flow\" style=\"flex-basis:50%\">\n<p class=\"has-text-color\" style=\"color:#007474;font-size:22px\"><strong>A Nossa Cl\u00ednica<\/strong><\/p>\n\n\n\n<p class=\"has-black-color has-text-color has-normal-font-size\">A Cor Sano \u2013 Cl\u00ednica M\u00e9dica foi fundada em 2018 com o objetivo de melhorar a oferta e qualidade dos servi\u00e7os de sa\u00fade \u00e0 popula\u00e7\u00e3o da regi\u00e3o de Vendas Novas.<\/p>\n\n\n\n<p class=\"has-text-color\" style=\"color:#007474;font-size:22px\"><strong>Miss\u00e3o, Vis\u00e3o e Valores<\/strong><\/p>\n\n\n\n<p class=\"has-black-color has-text-color has-normal-font-size\">A nossa miss\u00e3o assenta na presta\u00e7\u00e3o de cuidados de sa\u00fade diferenciados e continuados \u00e0 popula\u00e7\u00e3o que servimos, dando uma resposta capaz \u00e0s suas necessidades e expectativas.<\/p>\n\n\n\n<p class=\"has-black-color has-text-color has-normal-font-size\">Temos como vis\u00e3o a aposta na excel\u00eancia ao n\u00edvel da presta\u00e7\u00e3o de cuidados, numa perspetiva de integra\u00e7\u00e3o de diversas \u00e1reas da medicina e em articula\u00e7\u00e3o com os recursos comunit\u00e1rios, tendo sempre como centro da nossa atividade o doente.<\/p>\n\n\n\n<p class=\"has-black-color has-text-color has-normal-font-size\">Na Cl\u00ednica Cor Sano privilegiamos os seguintes valores: Qualidade, Proximidade e Confian\u00e7a.<\/p>\n\n\n\n<p><\/p>\n\n\n\n<p><\/p>\n\n\n\n<div class=\"wp-block-uagb-advanced-heading uagb-block-1ec0bfcb\"><\/div>\n\n\n\n<p class=\"has-text-color\" style=\"color:#007474;font-size:22px\"><\/p>\n\n\n\n<p class=\"has-text-color\" style=\"color:#007474;font-size:22px\"><\/p>\n\n\n\n<p class=\"has-black-color has-text-color has-normal-font-size\"><\/p>\n<\/div>\n\n\n\n<div class=\"wp-block-column is-layout-flow wp-block-column-is-layout-flow\" style=\"flex-basis:50%\">\n<figure class=\"wp-block-image alignfull size-large\"><img loading=\"lazy\" decoding=\"async\" width=\"1024\" height=\"768\" src=\"https:\/\/corsano.pt\/wp-content\/uploads\/2021\/08\/Balca\u0303o-1024x768.jpg\" alt=\"\" class=\"wp-image-82\" srcset=\"https:\/\/corsano.pt\/wp-content\/uploads\/2021\/08\/Balca\u0303o-1024x768.jpg 1024w, https:\/\/corsano.pt\/wp-content\/uploads\/2021\/08\/Balca\u0303o-300x225.jpg 300w, https:\/\/corsano.pt\/wp-content\/uploads\/2021\/08\/Balca\u0303o-768x576.jpg 768w, https:\/\/corsano.pt\/wp-content\/uploads\/2021\/08\/Balca\u0303o-1536x1152.jpg 1536w, https:\/\/corsano.pt\/wp-content\/uploads\/2021\/08\/Balca\u0303o-2048x1536.jpg 2048w\" sizes=\"auto, (max-width: 1024px) 100vw, 1024px\" \/><\/figure>\n\n\n\n<p><\/p>\n<\/div>\n<\/div>\n","protected":false},"excerpt":{"rendered":"<p>A Nossa Cl\u00ednica A Cor Sano \u2013 Cl\u00ednica M\u00e9dica foi fundada em 2018 com o objetivo de melhorar a oferta e qualidade dos servi\u00e7os de sa\u00fade \u00e0 popula\u00e7\u00e3o da regi\u00e3o &#8230;<\/p>\n","protected":false},"author":1,"featured_media":0,"parent":0,"menu_order":0,"comment_status":"closed","ping_status":"closed","template":"","meta":{"_uag_custom_page_level_css":"","ub_ctt_via":"","footnotes":""},"class_list":["post-49","page","type-page","status-publish","hentry"],"featured_image_src":null,"uagb_featured_image_src":{"full":false,"thumbnail":false,"medium":false,"medium_large":false,"large":false,"1536x1536":false,"2048x2048":false,"onepress-blog-small":false,"onepress-small":false,"onepress-medium":false},"uagb_author_info":{"display_name":"admin","author_link":"https:\/\/corsano.pt\/?author=1"},"uagb_comment_info":0,"uagb_excerpt":"A Nossa Cl\u00ednica A Cor Sano \u2013 Cl\u00ednica M\u00e9dica foi fundada em 2018 com o objetivo de melhorar a oferta e qualidade dos servi\u00e7os de sa\u00fade \u00e0 popula\u00e7\u00e3o da regi\u00e3o ...","_links":{"self":[{"href":"https:\/\/corsano.pt\/index.php?rest_route=\/wp\/v2\/pages\/49","targetHints":{"allow":["GET"]}}],"collection":[{"href":"https:\/\/corsano.pt\/index.php?rest_route=\/wp\/v2\/pages"}],"about":[{"href":"https:\/\/corsano.pt\/index.php?rest_route=\/wp\/v2\/types\/page"}],"author":[{"embeddable":true,"href":"https:\/\/corsano.pt\/index.php?rest_route=\/wp\/v2\/users\/1"}],"replies":[{"embeddable":true,"href":"https:\/\/corsano.pt\/index.php?rest_route=%2Fwp%2Fv2%2Fcomments&post=49"}],"version-history":[{"count":10,"href":"https:\/\/corsano.pt\/index.php?rest_route=\/wp\/v2\/pages\/49\/revisions"}],"predecessor-version":[{"id":510,"href":"https:\/\/corsano.pt\/index.php?rest_route=\/wp\/v2\/pages\/49\/revisions\/510"}],"wp:attachment":[{"href":"https:\/\/corsano.pt\/index.php?rest_route=%2Fwp%2Fv2%2Fmedia&parent=49"}],"curies":[{"name":"wp","href":"https:\/\/api.w.org\/{rel}","templated":true}]}}